{"id":780,"date":"2015-03-19T16:53:00","date_gmt":"2015-03-19T15:53:00","guid":{"rendered":"http:\/\/www.sinergycom.net\/?page_id=780"},"modified":"2022-04-26T21:38:57","modified_gmt":"2022-04-26T20:38:57","slug":"system-notion-and-engineering-of-systems-volume-1","status":"publish","type":"page","link":"https:\/\/www.sinergycom.net\/fr\/system-notion-and-engineering-of-systems-volume-1\/","title":{"rendered":"Notions de syst\u00e8me et d&#039;ing\u00e9nierie de syst\u00e8me &#8211; Volume 1"},"content":{"rendered":"<p><img decoding=\"async\" style=\"float: left; padding: 0 50px 10px 0;\" src=\"http:\/\/www.sinergycom.net\/wp-content\/uploads\/2014\/03\/Image-Volume1-Notions_v11-ebook.jpg\" alt=\"Notions de syst\u00e8me et d'ing\u00e9nierie de syst\u00e8me\" width=\"250\" \/><\/p>\n<h1 class=\"entry-title\">Notions de syst\u00e8me et d&rsquo;ing\u00e9nierie de syst\u00e8me &#8211; Volume 1<\/h1>\n<p><strong>Auteur<\/strong>: Alain Faisandier<\/p>\n<p><strong>Nombre de pages<\/strong>: 308<\/p>\n<p><strong>Langue<\/strong>: Fran\u00e7ais<\/p>\n<p><strong>Formats disponibles<\/strong>:<\/p>\n<ul>\n<li>ebook PDF \u2013 ISBN 979-10-91699-04-4 prot\u00e9g\u00e9 et diffus\u00e9 avec l\u2019autorisation de l\u2019\u00e9diteur *<\/li>\n<li>format papier \u2013 ISBN 979-10-91699-05-1 couverture souple, pleine couleur<\/li>\n<\/ul>\n<h3 class=\"section-title\">Description<\/h3>\n<div>\n<p>L&rsquo;ing\u00e9nierie de syst\u00e8me est une composante de l&rsquo;intelligence humaine, qui a cette capacit\u00e9 d&rsquo;inventer des solutions face \u00e0 un probl\u00e8me, une opportunit\u00e9 ou une situation in\u00e9dite. C&rsquo;est, par excellence, la discipline technique qui permet la cr\u00e9ation d&rsquo;id\u00e9es nouvelles et leur transformation en produits, services et organisations. L&rsquo;association des m\u00e9thodes de l&rsquo;ing\u00e9nierie et de la vision syst\u00e8me permet d&rsquo;englober le triptyque \u00ab\u00a0\u00e9conomie \u2013 comp\u00e9tence \u2013 m\u00e9thode\u00a0\u00bb sous le vocable \u00ab\u00a0ing\u00e9nierie de syst\u00e8me\u00a0\u00bb.<\/p>\n<p>Ce volume, d\u00e9di\u00e9 aux notions de syst\u00e8me et d&rsquo;ing\u00e9nierie de syst\u00e8me, fait partie de la collection \u201cIng\u00e9nierie et architecture des syst\u00e8mes pluridisciplinaires\u201d. Il pr\u00e9sente une synth\u00e8se de l&rsquo;ensemble des principes, concepts, activit\u00e9s, m\u00e9thodes et techniques de mod\u00e9lisation pour cr\u00e9er un syst\u00e8me. La connaissance des fondamentaux et de leur mise en \u0153uvre permet d&rsquo;\u00e9viter certains \u00e9cueils, qui \u00ab\u00a0plombent\u00a0\u00bb de nombreux projets, produits, services ou organisations de toutes sortes, dans le domaine industriel et dans tous les domaines de la soci\u00e9t\u00e9 civile.<\/p>\n<p>Ce volume diff\u00e9rencie le domaine du syst\u00e8me de celui des technologies, telles que m\u00e9canique, \u00e9lectronique, informatique, chimie, ergonomie, etc. Sont explicit\u00e9s en particulier :<\/p>\n<ul>\n<li>La notion de syst\u00e8me, ses caract\u00e9ristiques, son utilit\u00e9, la vision syst\u00e8me, la notion de syst\u00e8me de syst\u00e8mes, l&rsquo;application \u00e0 des produits, services, entreprises, organisations.<\/li>\n<li>Une vue g\u00e9n\u00e9rale de l&rsquo;ing\u00e9nierie de syst\u00e8me : d\u00e9finitions et propri\u00e9t\u00e9s, place dans le cycle de vie du syst\u00e8me, m\u00e9canisme de cr\u00e9ation intellectuelle.<\/li>\n<li>La mise en \u0153uvre de l&rsquo;ing\u00e9nierie de syst\u00e8me : les standards, le guide du corpus de connaissance (SEBoK), la description synth\u00e9tique des principaux processus ; l&rsquo;ing\u00e9nierie descendante, la r\u00e9tro-ing\u00e9nierie, la r\u00e9ing\u00e9nierie ; les techniques de mod\u00e9lisation ; l&rsquo;organisation des activit\u00e9s d&rsquo;ing\u00e9nierie, l&rsquo;outillage.<\/li>\n<li>Le management du cycle de vie, le management de projet par rapport \u00e0 l&rsquo;ing\u00e9nierie, le passage de l&rsquo;ing\u00e9nierie de syst\u00e8me \u00e0 l&rsquo;ing\u00e9nierie des technologies.<\/li>\n<\/ul>\n<p>Cette collection est destin\u00e9e \u00e0 toute personne susceptible d&rsquo;organiser des ensembles ou organisations complexes, quelque soit le domaine technique, commercial, militaire, acad\u00e9mique, strat\u00e9gique, tertiaire, qui veulent comprendre et pratiquer au quotidien cette discipline. Ils trouveront des m\u00e9thodes, des techniques de mod\u00e9lisation, des \u00e9l\u00e9ments de raisonnement, de pr\u00e9cieux conseils pour l&rsquo;application au quotidien, des exercices, des exemples ou \u00e9tudes de cas. Cette collection est utile aux professeurs d\u00e9sireux d&rsquo;enseigner la discipline d&rsquo;ing\u00e9nierie de syst\u00e8me, ainsi qu&rsquo;aux \u00e9tudiants et chercheurs.<\/p>\n<p><b>Achetez ce volume en ligne:<\/b><\/p>\n<table width=\"100%\">\n<tbody>\n<tr>\n<td><b>ebook PDF<\/b> \u2013 ISBN 979-10-91699-04-4<br \/>\nprot\u00e9g\u00e9 et diffus\u00e9 avec l\u2019autorisation de l\u2019\u00e9diteur<br \/>\nPrix: <strong>25<\/strong><b> Euros<\/b> + taxes selon les pays<br \/>\nT\u00e9l\u00e9chargez apr\u00e8s paiement sur r\u00e9ception d\u2019un email<\/td>\n<td align=\"center\"><a class=\"classname\" href=\"?edd_action=add_to_cart&#038;download_id=644\" rel=\"nofollow\">Ajouter au panier<\/a><\/td>\n<\/tr>\n<tr>\n<td><b>livre papier<\/b> \u2013 ISBN 979-10-91699-05-1<br \/>\ncouverture souple, pleine couleur<br \/>\nPrix: <b>120 Euros<\/b> + taxes et exp\u00e9dition selon les pays<br \/>\nAchetez sur la place de march\u00e9 www.lulu.com<br \/>\nLivraison 3 \u2013 5 jours<\/td>\n<td align=\"center\"><a href=\"https:\/\/www.lulu.com\/fr\/fr\/shop\/alain-faisandier\/notions-de-syst%C3%A8me-et-ding%C3%A9nierie-de-syst%C3%A8me\/paperback\/product-1ynrekrk.html\" target=\"_blank\" rel=\"noopener\"><img loading=\"lazy\" decoding=\"async\" class=\"alignnone\" src=\"\/wp-content\/uploads\/2020\/11\/LULU-Logo2020.png\" alt=\"Support independent publishing: Buy this book on Lulu.\" width=\"126\" height=\"41\" border=\"0\" \/><\/a><\/td>\n<\/tr>\n<tr>\n<td><b>livre papier<\/b> \u2013 ISBN 979-10-91699-05-1<br \/>\ncouverture souple, pleine couleur<br \/>\nPrix: <b>120 Euros<\/b> + taxes et exp\u00e9dition selon les pays<br \/>\nAchetez sur la place de march\u00e9 www.amazon.com<br \/>\nLivraison 3 \u2013 5 jours<\/td>\n<td align=\"center\"><a href=\"https:\/\/www.amazon.fr\/Notions-syst\u00e8me-ding\u00e9nierie-Alain-Faisandier\/dp\/B00L6QSKMW\/\" target=\"_blank\" rel=\"noopener\"><img loading=\"lazy\" decoding=\"async\" class=\"alignnone wp-image-1809 size-thumbnail\" src=\"https:\/\/www.sinergycom.net\/wp-content\/uploads\/2022\/04\/amazon-logo-transparent-1024x1024-1-100x100.png\" alt=\"\" width=\"100\" height=\"100\" srcset=\"https:\/\/www.sinergycom.net\/wp-content\/uploads\/2022\/04\/amazon-logo-transparent-1024x1024-1-100x100.png 100w, https:\/\/www.sinergycom.net\/wp-content\/uploads\/2022\/04\/amazon-logo-transparent-1024x1024-1-300x300.png 300w, https:\/\/www.sinergycom.net\/wp-content\/uploads\/2022\/04\/amazon-logo-transparent-1024x1024-1.png 1024w, https:\/\/www.sinergycom.net\/wp-content\/uploads\/2022\/04\/amazon-logo-transparent-1024x1024-1-768x768.png 768w, https:\/\/www.sinergycom.net\/wp-content\/uploads\/2022\/04\/amazon-logo-transparent-1024x1024-1-215x217.png 215w, https:\/\/www.sinergycom.net\/wp-content\/uploads\/2022\/04\/amazon-logo-transparent-1024x1024-1-155x156.png 155w, https:\/\/www.sinergycom.net\/wp-content\/uploads\/2022\/04\/amazon-logo-transparent-1024x1024-1-55x55.png 55w, https:\/\/www.sinergycom.net\/wp-content\/uploads\/2022\/04\/amazon-logo-transparent-1024x1024-1-200x200.png 200w, https:\/\/www.sinergycom.net\/wp-content\/uploads\/2022\/04\/amazon-logo-transparent-1024x1024-1-400x400.png 400w\" sizes=\"auto, (max-width: 100px) 100vw, 100px\" \/><\/a><\/td>\n<\/tr>\n<\/tbody>\n<\/table>\n<p>Pour un achat de ebook en nombre (plus de 5 exemplaires) ou licence r\u00e9seau, veuillez envoyer une demande par email \u00e0 : contact@sinergycom.net.<\/p>\n<p>Note : Le format ebook pdf est destin\u00e9 \u00e0 la lecture sur \u00e9cran, pas pour l&rsquo;impression.<\/p>\n<p>* : Chaque bas de page porte la mention : Sinergy\u2019Com to Entreprise (nom), date<\/p>\n<\/div>\n","protected":false},"excerpt":{"rendered":"<p>Notions de syst\u00e8me et d&rsquo;ing\u00e9nierie de syst\u00e8me &#8211; Volume 1 Auteur: Alain Faisandier Nombre de pages: 308 Langue: Fran\u00e7ais Formats disponibles: ebook PDF \u2013 ISBN 979-10-91699-04-4 prot\u00e9g\u00e9 et diffus\u00e9 avec l\u2019autorisation de l\u2019\u00e9diteur * format papier \u2013 ISBN 979-10-91699-05-1 couverture &hellip; <a href=\"https:\/\/www.sinergycom.net\/fr\/system-notion-and-engineering-of-systems-volume-1\/\">Continue reading <span class=\"meta-nav\">&rarr;<\/span><\/a><\/p>\n","protected":false},"author":5,"featured_media":0,"parent":0,"menu_order":0,"comment_status":"closed","ping_status":"closed","template":"","meta":{"_edd_button_behavior":[],"footnotes":""},"class_list":["post-780","page","type-page","status-publish","hentry"],"_links":{"self":[{"href":"https:\/\/www.sinergycom.net\/fr\/wp-json\/wp\/v2\/pages\/780","targetHints":{"allow":["GET"]}}],"collection":[{"href":"https:\/\/www.sinergycom.net\/fr\/wp-json\/wp\/v2\/pages"}],"about":[{"href":"https:\/\/www.sinergycom.net\/fr\/wp-json\/wp\/v2\/types\/page"}],"author":[{"embeddable":true,"href":"https:\/\/www.sinergycom.net\/fr\/wp-json\/wp\/v2\/users\/5"}],"replies":[{"embeddable":true,"href":"https:\/\/www.sinergycom.net\/fr\/wp-json\/wp\/v2\/comments?post=780"}],"version-history":[{"count":30,"href":"https:\/\/www.sinergycom.net\/fr\/wp-json\/wp\/v2\/pages\/780\/revisions"}],"predecessor-version":[{"id":1829,"href":"https:\/\/www.sinergycom.net\/fr\/wp-json\/wp\/v2\/pages\/780\/revisions\/1829"}],"wp:attachment":[{"href":"https:\/\/www.sinergycom.net\/fr\/wp-json\/wp\/v2\/media?parent=780"}],"curies":[{"name":"wp","href":"https:\/\/api.w.org\/{rel}","templated":true}]}}