{"id":186,"date":"2013-03-07T22:20:58","date_gmt":"2013-03-07T21:20:58","guid":{"rendered":"http:\/\/mapsysteme.nclab.fr\/?page_id=186"},"modified":"2022-04-26T21:39:44","modified_gmt":"2022-04-26T20:39:44","slug":"systems-opportunities-and-requirements-volume-2","status":"publish","type":"page","link":"https:\/\/www.sinergycom.net\/fr\/systems-opportunities-and-requirements-volume-2\/","title":{"rendered":"(english) Systems Opportunities and Requirements \u2013 Volume 2"},"content":{"rendered":"<p><img decoding=\"async\" style=\"float: left; padding: 0 50px 10px 0;\" src=\"\/wp-content\/uploads\/2013\/03\/Image-Systems-Opportunities-Requirts-V1.jpg\" alt=\"Image-Systems-Opportunities-Requirts\" width=\"250\" \/><\/p>\n<h1 class=\"entry-title\">Systems Opportunities and Requirements \u2013 Volume 2<\/h1>\n<p><strong>Auteur<\/strong>: Alain Faisandier<\/p>\n<p><strong>Nombre de pages<\/strong>: 260<\/p>\n<p><strong>Langue<\/strong>: English<\/p>\n<p>Formats disponibles:<\/p>\n<ul>\n<li>ebook PDF \u2013 ISBN 979-10-91699-01-3 prot\u00e9g\u00e9 et diffus\u00e9 avec l\u2019autorisation de l\u2019\u00e9diteur *<\/li>\n<li>format papier \u2013 ISBN 979-10-91699-02-0 couverture souple, pleine couleur<\/li>\n<\/ul>\n<h3 class=\"section-title\">Description<\/h3>\n<div class=\"entry-content\">\n<p>It is commonly established that people or organisations facing a new problem, issue or opportunity, think immediately in terms of solutions, without spending sufficient time on the problem space. The consequence is that the solution generally either does not work very well, or is not well adapted to its context of use, or does not satisfy the users and their expectations; at worst the solution is rejected, and this generates a loss of energy, money, motivation and waste of time.<\/p>\n<p>This volume contains what is necessary to know for characterizing a contextual situation, identifying issues, problems, or opportunities, initiating the engineering of a potential System of Interest (new or updated product, service, enterprise\/organisation) that could answer them, and defining the applicable stakeholder requirements, as well as the corresponding system requirements. Readers will find in particular:<\/p>\n<ul>\n<li>The fundamentals related to the notions of system, context of use, operational concept, operational scenario, market analysis, stakeholder, need, stakeholder requirement, system requirement; as well as the relationships between these notions.<\/li>\n<li>The approaches related to Business and Mission Analysis, Stakeholder Needs and Requirements Definition, and System Requirements Definition.<\/li>\n<li>Typology of Stakeholder Requirements and System Requirements.<\/li>\n<\/ul>\n<p>This practical guideline is intended for professionals who want to understand and apply daily engineering of systems, and in particular to those who will have to initiate the engineering of potential complex or multidisciplinary systems. They will find methods, processes, modelling techniques, and case studies to start using the approach. Examples and case studies illustrate practices. The case studies explain step by step how to perform the activities and tasks. Readers can directly transpose the step-by-step and use provided templates for their current or future projects. This guideline is also useful to University students, to University professors.<\/p>\n<p>The Guide to Systems Engineering Body of Knowledge version 1.0 (www.sebokwiki.org), published at the end of 2012, for which the author is contributing, contains such materials; but more explanations and details are discussed in the present book.<\/p>\n<p><b>Achetez ce volume en ligne:<\/b><\/p>\n<table style=\"border-top: 1px solid #bfbfbf;\" width=\"100%\">\n<tbody>\n<tr style=\"vertical-align: middle;\">\n<td><b>ebook PDF<\/b> \u2013 ISBN 979-10-91699-01-3<br \/>\nprot\u00e9g\u00e9 et diffus\u00e9 avec l\u2019autorisation de l\u2019\u00e9diteur<br \/>\nPrix: <b>21 Euros<\/b>\u00a0+ taxes selon les pays<br \/>\nT\u00e9l\u00e9chargez apr\u00e8s paiement sur r\u00e9ception d\u2019un email<\/td>\n<td align=\"center\"><a class=\"classname\" href=\"?edd_action=add_to_cart&#038;download_id=412\" rel=\"nofollow\">Ajouter au Panier<\/a><\/td>\n<\/tr>\n<tr style=\"vertical-align: middle;\">\n<td><b>livre papier<\/b> \u2013 ISBN 979-10-91699-02-0<br \/>\ncouverture souple, pleine couleur<br \/>\nPrix: <b>102 Euros<\/b> + taxes et exp\u00e9dition selon les pays<br \/>\nAchetez sur la place de march\u00e9 www.lulu.com<br \/>\nLivraison 3 \u2013 5 jours<\/td>\n<td align=\"center\"><a href=\"https:\/\/www.lulu.com\/fr\/fr\/shop\/alain-faisandier\/systems-opportunities-and-requirements\/paperback\/product-1e84254g.html\" target=\"_blank\" rel=\"noopener\"><img loading=\"lazy\" decoding=\"async\" class=\"alignnone\" src=\"\/wp-content\/uploads\/2020\/11\/LULU-Logo2020.png\" alt=\"Support independent publishing: Buy this book on Lulu.\" width=\"126\" height=\"41\" border=\"0\" \/><\/a><\/td>\n<\/tr>\n<tr style=\"vertical-align: middle;\">\n<td><b>livre papier<\/b> \u2013 ISBN 979-10-91699-02-0<br \/>\ncouverture souple, pleine couleur<br \/>\nPrix: <b>102 Euros<\/b> + taxes et exp\u00e9dition selon les pays<br \/>\nAchetez sur la place de march\u00e9 www.amazon.com<br \/>\nLivraison 3 \u2013 5 jours<\/td>\n<td align=\"center\"><a href=\"https:\/\/www.amazon.fr\/Systems-Opportunities-Requirements-Alain-Faisandier\/dp\/109169902X\" target=\"_blank\" rel=\"noopener\"><img loading=\"lazy\" decoding=\"async\" class=\"alignnone wp-image-1809 size-thumbnail\" src=\"https:\/\/www.sinergycom.net\/wp-content\/uploads\/2022\/04\/amazon-logo-transparent-1024x1024-1-100x100.png\" alt=\"\" width=\"100\" height=\"100\" srcset=\"https:\/\/www.sinergycom.net\/wp-content\/uploads\/2022\/04\/amazon-logo-transparent-1024x1024-1-100x100.png 100w, https:\/\/www.sinergycom.net\/wp-content\/uploads\/2022\/04\/amazon-logo-transparent-1024x1024-1-300x300.png 300w, https:\/\/www.sinergycom.net\/wp-content\/uploads\/2022\/04\/amazon-logo-transparent-1024x1024-1.png 1024w, https:\/\/www.sinergycom.net\/wp-content\/uploads\/2022\/04\/amazon-logo-transparent-1024x1024-1-768x768.png 768w, https:\/\/www.sinergycom.net\/wp-content\/uploads\/2022\/04\/amazon-logo-transparent-1024x1024-1-215x217.png 215w, https:\/\/www.sinergycom.net\/wp-content\/uploads\/2022\/04\/amazon-logo-transparent-1024x1024-1-155x156.png 155w, https:\/\/www.sinergycom.net\/wp-content\/uploads\/2022\/04\/amazon-logo-transparent-1024x1024-1-55x55.png 55w, https:\/\/www.sinergycom.net\/wp-content\/uploads\/2022\/04\/amazon-logo-transparent-1024x1024-1-200x200.png 200w, https:\/\/www.sinergycom.net\/wp-content\/uploads\/2022\/04\/amazon-logo-transparent-1024x1024-1-400x400.png 400w\" sizes=\"auto, (max-width: 100px) 100vw, 100px\" \/><\/a><\/td>\n<\/tr>\n<\/tbody>\n<\/table>\n<\/div>\n<p>Pour un achat de ebook en nombre (plus de 5 exemplaires) ou licence r\u00e9seau, veuillez envoyer une demande par email \u00e0 : contact@sinergycom.net.<\/p>\n<p>Note : Le format ebook pdf est destin\u00e9 \u00e0 la lecture sur \u00e9cran, pas pour l&rsquo;impression.<\/p>\n<p>* : Chaque bas de page porte la mention :\u00a0Sinergy\u2019Com to Entreprise (nom), date<\/p>\n","protected":false},"excerpt":{"rendered":"<p>Systems Opportunities and Requirements \u2013 Volume 2 Auteur: Alain Faisandier Nombre de pages: 260 Langue: English Formats disponibles: ebook PDF \u2013 ISBN 979-10-91699-01-3 prot\u00e9g\u00e9 et diffus\u00e9 avec l\u2019autorisation de l\u2019\u00e9diteur * format papier \u2013 ISBN 979-10-91699-02-0 couverture souple, pleine couleur &hellip; <a href=\"https:\/\/www.sinergycom.net\/fr\/systems-opportunities-and-requirements-volume-2\/\">Continue reading <span class=\"meta-nav\">&rarr;<\/span><\/a><\/p>\n","protected":false},"author":1,"featured_media":0,"parent":0,"menu_order":0,"comment_status":"closed","ping_status":"closed","template":"","meta":{"_edd_button_behavior":[],"footnotes":""},"class_list":["post-186","page","type-page","status-publish","hentry"],"_links":{"self":[{"href":"https:\/\/www.sinergycom.net\/fr\/wp-json\/wp\/v2\/pages\/186","targetHints":{"allow":["GET"]}}],"collection":[{"href":"https:\/\/www.sinergycom.net\/fr\/wp-json\/wp\/v2\/pages"}],"about":[{"href":"https:\/\/www.sinergycom.net\/fr\/wp-json\/wp\/v2\/types\/page"}],"author":[{"embeddable":true,"href":"https:\/\/www.sinergycom.net\/fr\/wp-json\/wp\/v2\/users\/1"}],"replies":[{"embeddable":true,"href":"https:\/\/www.sinergycom.net\/fr\/wp-json\/wp\/v2\/comments?post=186"}],"version-history":[{"count":53,"href":"https:\/\/www.sinergycom.net\/fr\/wp-json\/wp\/v2\/pages\/186\/revisions"}],"predecessor-version":[{"id":1836,"href":"https:\/\/www.sinergycom.net\/fr\/wp-json\/wp\/v2\/pages\/186\/revisions\/1836"}],"wp:attachment":[{"href":"https:\/\/www.sinergycom.net\/fr\/wp-json\/wp\/v2\/media?parent=186"}],"curies":[{"name":"wp","href":"https:\/\/api.w.org\/{rel}","templated":true}]}}