{"id":1440,"date":"2019-10-02T07:47:41","date_gmt":"2019-10-02T06:47:41","guid":{"rendered":"https:\/\/www.sinergycom.net\/fr\/?page_id=1440"},"modified":"2022-04-26T21:34:59","modified_gmt":"2022-04-26T20:34:59","slug":"sinergycom-editions","status":"publish","type":"page","link":"https:\/\/www.sinergycom.net\/fr\/","title":{"rendered":"Sinergy\u2019Com Editions"},"content":{"rendered":"\n<p style=\"text-align: center;\"><b><img loading=\"lazy\" decoding=\"async\" class=\"aligncenter\" src=\"\/wp-content\/uploads\/2013\/03\/image-base.png\" alt=\"\" width=\"564\" height=\"237\" \/><\/b><\/p>\n<p><b>L\u2019\u00e9diteur<\/b><\/p>\n<p>Sinergy\u2019Com est un \u00e9diteur de livres qui promeut des ouvrages techniques et m\u00e9thodologiques concernant l\u2019ing\u00e9nierie de syst\u00e8me et sujets connexes.<\/p>\n<p>Sinergy\u2019Com est un d\u00e9partement de la soci\u00e9t\u00e9 SINERGIE Sarl r\u00e9f\u00e9renc\u00e9e sous l\u2019indicatif ISBN 979-10-91699.<\/p>\n<p><b>Collection \u201cIng\u00e9nierie et architecture des syst\u00e8mes pluridisciplinaires &#8211; Engineering and Architecting Multidisciplinary Systems\u201d <\/b><\/p>\n<p><b>To access the books written in English, click on English at the bottom of this page.<\/b><\/p>\n<p><b>Titres des volumes :<\/b><\/p>\n<table style=\"border-top: 1px solid #bfbfbf; width: 100%;\">\n<tbody>\n<tr>\n<td style=\"width: 12.7586%;\"><img decoding=\"async\" src=\"\/wp-content\/uploads\/2014\/03\/Image-Volume1-Notions_v11-ebook.jpg\" alt=\"\" width=\"150px\" \/><\/td>\n<td style=\"width: 85.8621%;\"><b><a href=\"\/fr\/system-notion-and-engineering-of-systems-volume-1\/\">Volume 1 \u2013 Notions de syst\u00e8me et d&rsquo;ing\u00e9nierie de syst\u00e8me<\/a><\/b><br \/>Concept de syst\u00e8me; vision syst\u00e8me; principes et mise en oeuvre de l&rsquo;ing\u00e9nierie de syst\u00e8me; relations avec le Management de Projet; cycle de vie du syst\u00e8me<br \/><a href=\"\/wp-content\/uploads\/2014\/03\/Volume1-Notions-v1-Table-Matieres.pdf\">T\u00e9l\u00e9chargez la table des mati\u00e8res<\/a><\/td>\n<\/tr>\n<tr>\n<td style=\"width: 12.7586%;\"><img decoding=\"async\" src=\"\/wp-content\/uploads\/2013\/03\/Image-Systems-Opportunities-Requirts-V1.jpg\" alt=\"\" width=\"150px\" \/><\/td>\n<td style=\"width: 85.8621%;\"><b><a href=\"\/fr\/systems-opportunities-and-requirements-volume-2\/\">Volume 2 \u2013 Systems Opportunities and Requirements<\/a><\/b><br \/>Mission Analysis; Business Opportunity Analysis; Operational Concepts; Stakeholder Requirements; System Requirements<br \/><a href=\"\/wp-content\/uploads\/2013\/02\/Systems-Opportunities-Requirements-v1-Table-Content.pdf\">T\u00e9l\u00e9chargez la table des mati\u00e8res<\/a><\/td>\n<\/tr>\n<tr>\n<td style=\"width: 12.7586%;\"><img decoding=\"async\" src=\"\/wp-content\/uploads\/2013\/03\/Image-Systems-Architecture-Design-V1.jpg\" alt=\"\" width=\"150px\" \/><\/td>\n<td style=\"width: 85.8621%;\"><b><a href=\"\/fr\/systems-architecture-and-design-volume-3\/\">Volume 3 \u2013 Systems Architecture and Design<\/a><\/b><br \/>System Logical Architecture Definition; System Physical Architecture Definition; Modelling and patterns; System Design and System Element Design<br \/><a href=\"\/wp-content\/uploads\/2013\/03\/Systems-Architecture-Design-v1-Table-Content.pdf\">T\u00e9l\u00e9chargez la table des mati\u00e8res<\/a><\/td>\n<\/tr>\n<tr>\n<td style=\"width: 12.7586%;\"><img decoding=\"async\" src=\"\/wp-content\/uploads\/2017\/04\/image-volume4-Evaluation-v11-ebook.jpg\" alt=\"\" width=\"150px\" \/><\/td>\n<td style=\"width: 85.8621%;\"><b><a href=\"\/fr\/francais-evaluation-et-preuve-du-systeme-volume-4\/\">Volume 4 \u2013 Evaluation et Preuve du Syst\u00e8me<\/a><\/b><br \/>Evaluation des propri\u00e9t\u00e9s du syst\u00e8me ; v\u00e9rification et validation du syst\u00e8me ; int\u00e9gration des constituants du syst\u00e8me<br \/><a href=\"\/wp-content\/uploads\/2017\/04\/Volume4-Evaluation-Preuve-v1-Table-Matieres.pdf\">T\u00e9l\u00e9chargez la table des mati\u00e8res<\/a><\/td>\n<\/tr>\n<tr>\n<td style=\"width: 12.7586%;\">\u00a0<\/td>\n<td style=\"width: 85.8621%;\"><b>Volume 5 \u2013 Engineering of Safe, Secure and Resilient Systems<\/b><br \/>Immunity, integrity, harmless aspects applied to systems; Extension of Systems Engineering to Dependability Engineering and integrated approach; FDIR approach and redundancy patterns; Assessment of dependable properties<\/td>\n<\/tr>\n<tr>\n<td style=\"width: 12.7586%;\">\u00a0<\/td>\n<td style=\"width: 85.8621%;\"><b>Volume 6 \u2013 System of Interest Life Management<\/b><br \/>Implementation Technologies; Integration, deployment, maintenance, disposal as enabling systems; System life cycle synthesis<\/td>\n<\/tr>\n<tr>\n<td style=\"width: 12.7586%;\">\u00a0<\/td>\n<td style=\"width: 85.8621%;\"><b>Volume 7 \u2013 Systems Engineering Ontology<\/b><br \/>Detailed description of the generic engineering meta-data model used in other volumes<\/td>\n<\/tr>\n<\/tbody>\n<\/table>\n","protected":false},"excerpt":{"rendered":"<p>L\u2019\u00e9diteur Sinergy\u2019Com est un \u00e9diteur de livres qui promeut des ouvrages techniques et m\u00e9thodologiques concernant l\u2019ing\u00e9nierie de syst\u00e8me et sujets connexes. Sinergy\u2019Com est un d\u00e9partement de la soci\u00e9t\u00e9 SINERGIE Sarl r\u00e9f\u00e9renc\u00e9e sous l\u2019indicatif ISBN 979-10-91699. Collection \u201cIng\u00e9nierie et architecture des &hellip; <a href=\"https:\/\/www.sinergycom.net\/fr\/\">Continue reading <span class=\"meta-nav\">&rarr;<\/span><\/a><\/p>\n","protected":false},"author":1,"featured_media":0,"parent":0,"menu_order":0,"comment_status":"closed","ping_status":"closed","template":"","meta":{"_edd_button_behavior":[],"footnotes":""},"class_list":["post-1440","page","type-page","status-publish","hentry"],"_links":{"self":[{"href":"https:\/\/www.sinergycom.net\/fr\/wp-json\/wp\/v2\/pages\/1440","targetHints":{"allow":["GET"]}}],"collection":[{"href":"https:\/\/www.sinergycom.net\/fr\/wp-json\/wp\/v2\/pages"}],"about":[{"href":"https:\/\/www.sinergycom.net\/fr\/wp-json\/wp\/v2\/types\/page"}],"author":[{"embeddable":true,"href":"https:\/\/www.sinergycom.net\/fr\/wp-json\/wp\/v2\/users\/1"}],"replies":[{"embeddable":true,"href":"https:\/\/www.sinergycom.net\/fr\/wp-json\/wp\/v2\/comments?post=1440"}],"version-history":[{"count":9,"href":"https:\/\/www.sinergycom.net\/fr\/wp-json\/wp\/v2\/pages\/1440\/revisions"}],"predecessor-version":[{"id":1827,"href":"https:\/\/www.sinergycom.net\/fr\/wp-json\/wp\/v2\/pages\/1440\/revisions\/1827"}],"wp:attachment":[{"href":"https:\/\/www.sinergycom.net\/fr\/wp-json\/wp\/v2\/media?parent=1440"}],"curies":[{"name":"wp","href":"https:\/\/api.w.org\/{rel}","templated":true}]}}