{"id":140,"date":"2014-02-09T11:00:34","date_gmt":"2014-02-09T10:00:34","guid":{"rendered":"http:\/\/mapsysteme.nclab.fr\/?page_id=140"},"modified":"2022-04-26T21:35:41","modified_gmt":"2022-04-26T20:35:41","slug":"presentation-of-the-series-of-books","status":"publish","type":"page","link":"https:\/\/www.sinergycom.net\/fr\/presentation-of-the-series-of-books\/","title":{"rendered":"Pr\u00e9sentation de la collection de livres"},"content":{"rendered":"<h1><b>Collection \u201cIng\u00e9nierie et architecture des syst\u00e8mes pluridisciplinaires &#8211; Engineering and Architecting Multidisciplinary Systems\u201d<\/b><\/h1>\n<p>Cette collection est un ensemble de guides pratiques destin\u00e9 aux professionnels qui veulent comprendre et appliquer quotidiennement l\u2019ing\u00e9nierie de syst\u00e8mes complexes ou multidisciplinaires. Ils trouveront des m\u00e9thodes, des processus, des techniques de mod\u00e9lisation et d\u2019analyse, des \u00e9l\u00e9ments de raisonnement, des recommandations pour l\u2019application, ainsi que des \u00e9tudes de cas et des exemples pour commencer \u00e0 utiliser cette approche.<\/p>\n<p>Le contenu de cette collection de livres provient de l\u2019exp\u00e9rience de praticiens qui ont eu \u00e0 faire face pendant leur vie professionnelle (ou m\u00eame durant leur vie non professionnelle) \u00e0 des situations pour lesquelles il n\u2019existait pas ou peu de m\u00e9thode. L\u2019auteur de ces livres n\u2019a pas invent\u00e9 tous les concepts et principes qu\u2019il d\u00e9crit ; la plus grande partie existe depuis longtemps, mais ils sont ici clarifi\u00e9s et pr\u00e9sent\u00e9s en coh\u00e9rence pour \u00eatre appliqu\u00e9s imm\u00e9diatement et simplement.<\/p>\n<p>Vous trouverez dans ces guides des pratiques de base, d\u00e9crites avec un vocabulaire standard, qui explicitent ce qu\u2019il faut faire ; mais l\u2019int\u00e9r\u00eat de ces livres r\u00e9side davantage dans les d\u00e9tails explicitant le comment faire.<\/p>\n<p>Les principales sources de ces guides proviennent du mat\u00e9riel de formation que l\u2019auteur a utilis\u00e9 pendant les vingt derni\u00e8res ann\u00e9es pour enseigner l\u2019ing\u00e9nierie de syst\u00e8me dans l\u2019industrie, les organismes \u00e9tatiques et universitaires aupr\u00e8s de plus de cinq milles personnes.<\/p>\n<p>Alain Faisandier, l\u2019auteur de cette collection, a \u00e9t\u00e9 consultant et enseignant en ing\u00e9nierie, en architecture et conception de syst\u00e8mes et de logiciels dans un contexte international durant une carri\u00e8re de quarante ann\u00e9es. Maintes fois il a \u00e9t\u00e9 sollicit\u00e9 et encourag\u00e9 par de nombreux professionnels \u00e0 publier ce qu\u2019il enseignait et exposait aux praticiens des entreprises, des organismes universitaires et \u00e9tatiques.<\/p>\n<p>To access the books written in English, click on English at the bottom of this page.<\/p>\n<p><b>Titres des volumes :<\/b><\/p>\n<table style=\"border-top: 1px solid #bfbfbf;\">\n<tbody>\n<tr>\n<td><img decoding=\"async\" src=\"\/wp-content\/uploads\/2014\/03\/Image-Volume1-Notions_v11-ebook.jpg\" alt=\"\" width=\"150px\" \/><\/td>\n<td><b><a href=\"\/fr\/system-notion-and-engineering-of-systems-volume-1\/\">Volume 1 \u2013 Notions de syst\u00e8me et d&rsquo;ing\u00e9nierie de syst\u00e8me<\/a><\/b><br \/>\nConcept de syst\u00e8me; vision syst\u00e8me; principes de l&rsquo;ing\u00e9nierie de syst\u00e8me; mise en oeuvre de l&rsquo;ing\u00e9nierie de syst\u00e8me; relations avec le management de projet; cycle de vie du syst\u00e8me<br \/>\n<a href=\"\/wp-content\/uploads\/2014\/03\/Volume1-Notions-v1-Table-Matieres.pdf\">T\u00e9l\u00e9chargez la table des mati\u00e8res<\/a><\/td>\n<\/tr>\n<tr>\n<td><img decoding=\"async\" src=\"\/wp-content\/uploads\/2013\/03\/Image-Systems-Opportunities-Requirts-V1.jpg\" alt=\"\" width=\"150px\" \/><\/td>\n<td><b><a href=\"\/fr\/systems-opportunities-and-requirements-volume-2\/\">Volume 2 \u2013 Systems Opportunities and Requirements<\/a><\/b><br \/>\nMission Analysis; Business Opportunity Analysis; Operational Concepts; Stakeholder Requirements; System Requirements<br \/>\n<a href=\"\/wp-content\/uploads\/2013\/02\/Systems-Opportunities-Requirements-v1-Table-Content.pdf\">T\u00e9l\u00e9chargez la table des mati\u00e8res<\/a><\/td>\n<\/tr>\n<tr>\n<td><img decoding=\"async\" src=\"\/wp-content\/uploads\/2013\/03\/Image-Systems-Architecture-Design-V1.jpg\" alt=\"\" width=\"150px\" \/><\/td>\n<td><b><a href=\"\/fr\/systems-architecture-and-design-volume-3\/\">Volume 3 \u2013 Systems Architecture and Design<\/a><\/b><br \/>\nSystem Logical Architecture Definition; System Physical Architecture Definition; Modelling and patterns; System Design and System Element Design<br \/>\n<a href=\"\/wp-content\/uploads\/2013\/03\/Systems-Architecture-Design-v1-Table-Content.pdf\">T\u00e9l\u00e9chargez la table des mati\u00e8res<\/a><\/td>\n<\/tr>\n<tr>\n<td><img decoding=\"async\" src=\"\/wp-content\/uploads\/2017\/04\/image-volume4-Evaluation-v11-ebook.jpg\" alt=\"\" width=\"150px\" \/><\/td>\n<td><b><a href=\"\/fr\/francais-evaluation-et-preuve-du-systeme-volume-4\/\">Volume 4 \u2013 Evaluation et Preuve du Syst\u00e8me<\/a><\/b><br \/>\nEvaluation des propri\u00e9t\u00e9s du syst\u00e8me ; v\u00e9rification et validation du syst\u00e8me ; int\u00e9gration des constituants du syst\u00e8me<br \/>\n<a href=\"\/wp-content\/uploads\/2017\/04\/Volume4-Evaluation-Preuve-v1-Table-Matieres.pdf\">T\u00e9l\u00e9chargez la table des mati\u00e8res<\/a><\/td>\n<\/tr>\n<tr>\n<td><\/td>\n<td><b>Volume 5 \u2013 Engineering of Safe, Secure and Resilient Systems<\/b><br \/>\nImmunity, integrity, harmless aspects applied to systems; Extension of Systems Engineering to Dependability Engineering and integrated approach; FDIR approach and redundancy patterns; Assessment of dependable properties<\/td>\n<\/tr>\n<tr>\n<td><\/td>\n<td><b>Volume 6 \u2013 System of Interest Life Management<\/b><br \/>\nImplementation Technologies; Integration, deployment, maintenance, disposal as enabling systems; System life cycle synthesis<\/td>\n<\/tr>\n<tr>\n<td><\/td>\n<td><b>Volume 7 \u2013 Systems Engineering Ontology<\/b><br \/>\nDetailed description of the generic engineering meta-data model used in other volumes<\/td>\n<\/tr>\n<\/tbody>\n<\/table>\n","protected":false},"excerpt":{"rendered":"<p>Collection \u201cIng\u00e9nierie et architecture des syst\u00e8mes pluridisciplinaires &#8211; Engineering and Architecting Multidisciplinary Systems\u201d Cette collection est un ensemble de guides pratiques destin\u00e9 aux professionnels qui veulent comprendre et appliquer quotidiennement l\u2019ing\u00e9nierie de syst\u00e8mes complexes ou multidisciplinaires. Ils trouveront des m\u00e9thodes, &hellip; <a href=\"https:\/\/www.sinergycom.net\/fr\/presentation-of-the-series-of-books\/\">Continue reading <span class=\"meta-nav\">&rarr;<\/span><\/a><\/p>\n","protected":false},"author":1,"featured_media":0,"parent":0,"menu_order":0,"comment_status":"closed","ping_status":"closed","template":"","meta":{"_edd_button_behavior":[],"footnotes":""},"class_list":["post-140","page","type-page","status-publish","hentry"],"_links":{"self":[{"href":"https:\/\/www.sinergycom.net\/fr\/wp-json\/wp\/v2\/pages\/140","targetHints":{"allow":["GET"]}}],"collection":[{"href":"https:\/\/www.sinergycom.net\/fr\/wp-json\/wp\/v2\/pages"}],"about":[{"href":"https:\/\/www.sinergycom.net\/fr\/wp-json\/wp\/v2\/types\/page"}],"author":[{"embeddable":true,"href":"https:\/\/www.sinergycom.net\/fr\/wp-json\/wp\/v2\/users\/1"}],"replies":[{"embeddable":true,"href":"https:\/\/www.sinergycom.net\/fr\/wp-json\/wp\/v2\/comments?post=140"}],"version-history":[{"count":56,"href":"https:\/\/www.sinergycom.net\/fr\/wp-json\/wp\/v2\/pages\/140\/revisions"}],"predecessor-version":[{"id":1828,"href":"https:\/\/www.sinergycom.net\/fr\/wp-json\/wp\/v2\/pages\/140\/revisions\/1828"}],"wp:attachment":[{"href":"https:\/\/www.sinergycom.net\/fr\/wp-json\/wp\/v2\/media?parent=140"}],"curies":[{"name":"wp","href":"https:\/\/api.w.org\/{rel}","templated":true}]}}