{"id":1440,"date":"2019-10-02T07:47:41","date_gmt":"2019-10-02T06:47:41","guid":{"rendered":"https:\/\/www.sinergycom.net\/fr\/?page_id=1440"},"modified":"2022-04-26T21:34:59","modified_gmt":"2022-04-26T20:34:59","slug":"sinergycom-editions","status":"publish","type":"page","link":"https:\/\/www.sinergycom.net\/en\/","title":{"rendered":"Sinergy&#8217;Com Editions"},"content":{"rendered":"\r\n<p style=\"text-align: center;\"><b><img loading=\"lazy\" decoding=\"async\" class=\"aligncenter\" src=\"\/wp-content\/uploads\/2013\/03\/image-base.png\" alt=\"\" width=\"564\" height=\"237\" \/><\/b><\/p>\r\n<p><b>The publisher<\/b><\/p>\r\n<p>Sinergy\u2019Com is a publisher of books who promotes technical and methodological books concerning the engineering of systems and closely related topics.<\/p>\r\n<p>Sinergy\u2019Com is a department of the company SINERGIE Sarl referenced under the ISBN code 979-10-91699.<\/p>\r\n<p><b>Series of books \u201cEngineering and Architecting Multidisciplinary Systems\u201d <\/b><\/p>\r\n<p><b>Pour acc\u00e9der aux livres \u00e9crits en fran\u00e7ais, cliquer sur Fran\u00e7ais en bas de cette page.<\/b><\/p>\r\n<p><b>Titles of volumes:<\/b><\/p>\r\n<table style=\"border-top: 1px solid #bfbfbf;\">\r\n<tbody>\r\n<tr>\r\n<td><img decoding=\"async\" src=\"\/wp-content\/uploads\/2015\/03\/Image-volume1-En1.jpg\" alt=\"\" width=\"150px\" \/><\/td>\r\n<td><b><a href=\"\/system-notion-and-engineering-of-systems-volume-1\/\">Volume 1 \u2013 System notion and Engineering of Systems<\/a><\/b><br \/>Concept of System; System vision; Principles for engineering a system; Means for engineering systems; Relationships to Project Management; Life cycle management<br \/><a href=\"\/wp-content\/uploads\/2015\/03\/Volume1-Notions-v1-Table-Content.pdf\">Download the detailed table of content<\/a><\/td>\r\n<\/tr>\r\n<tr>\r\n<td><img decoding=\"async\" src=\"\/wp-content\/uploads\/2013\/03\/Image-Systems-Opportunities-Requirts-V1.jpg\" alt=\"\" width=\"150px\" \/><\/td>\r\n<td><b><a href=\"\/systems-opportunities-and-requirements-volume-2\/\">Volume 2 \u2013 Systems Opportunities and Requirements<\/a><\/b><br \/>Mission Analysis; Business Opportunity Analysis; Operational Concepts; Stakeholder Requirements; System Requirements<br \/><a href=\"\/wp-content\/uploads\/2013\/02\/Systems-Opportunities-Requirements-v1-Table-Content.pdf\">Download the detailed table of content <\/a><\/td>\r\n<\/tr>\r\n<tr>\r\n<td><img decoding=\"async\" src=\"\/wp-content\/uploads\/2013\/03\/Image-Systems-Architecture-Design-V1.jpg\" alt=\"\" width=\"150px\" \/><\/td>\r\n<td><b><a href=\"\/systems-architecture-and-design-volume-3\/\">Volume 3 \u2013 Systems Architecture and Design<\/a><\/b><br \/>System Logical Architecture Definition; System Physical Architecture Definition; Modelling and patterns; System Design and System Element Design<br \/><a href=\"\/wp-content\/uploads\/2013\/03\/Systems-Architecture-Design-v1-Table-Content.pdf\">Download the detailed table of content <\/a><\/td>\r\n<\/tr>\r\n<tr>\r\n<td>expected 2022<\/td>\r\n<td><b>Volume 4 \u2013 Evaluation and Proving of a System<\/b><br \/>System Analysis; System Verification; System Validation; System Integration<\/td>\r\n<\/tr>\r\n<tr>\r\n<td>\u00a0<\/td>\r\n<td><b>Volume 5 \u2013 Engineering of Safe, Secure and Resilient Systems<\/b><br \/>Immunity, integrity, harmless aspects applied to systems; Extension of Systems Engineering to Dependability Engineering and integrated approach; FDIR approach and redundancy patterns; Assessment of dependable properties<\/td>\r\n<\/tr>\r\n<tr>\r\n<td>\u00a0<\/td>\r\n<td><b>Volume 6 \u2013 System of Interest Life Management<\/b><br \/>Implementation Technologies; Integration, deployment, maintenance, disposal as enabling systems; System life cycle synthesis<\/td>\r\n<\/tr>\r\n<tr>\r\n<td>\u00a0<\/td>\r\n<td><b>Volume 7 \u2013 Systems Engineering Ontology<\/b><br \/>Detailed description of the generic engineering meta-data model used in other volumes<\/td>\r\n<\/tr>\r\n<\/tbody>\r\n<\/table>\r\n<p>&nbsp;<\/p>\r\n","protected":false},"excerpt":{"rendered":"<p>The publisher Sinergy\u2019Com is a publisher of books who promotes technical and methodological books concerning the engineering of systems and closely related topics. Sinergy\u2019Com is a department of the company SINERGIE Sarl referenced under the ISBN code 979-10-91699. Series of &hellip; <a href=\"https:\/\/www.sinergycom.net\/en\/\">Continue reading <span class=\"meta-nav\">&rarr;<\/span><\/a><\/p>\n","protected":false},"author":1,"featured_media":0,"parent":0,"menu_order":0,"comment_status":"closed","ping_status":"closed","template":"","meta":{"_edd_button_behavior":[],"footnotes":""},"class_list":["post-1440","page","type-page","status-publish","hentry"],"_links":{"self":[{"href":"https:\/\/www.sinergycom.net\/en\/wp-json\/wp\/v2\/pages\/1440","targetHints":{"allow":["GET"]}}],"collection":[{"href":"https:\/\/www.sinergycom.net\/en\/wp-json\/wp\/v2\/pages"}],"about":[{"href":"https:\/\/www.sinergycom.net\/en\/wp-json\/wp\/v2\/types\/page"}],"author":[{"embeddable":true,"href":"https:\/\/www.sinergycom.net\/en\/wp-json\/wp\/v2\/users\/1"}],"replies":[{"embeddable":true,"href":"https:\/\/www.sinergycom.net\/en\/wp-json\/wp\/v2\/comments?post=1440"}],"version-history":[{"count":9,"href":"https:\/\/www.sinergycom.net\/en\/wp-json\/wp\/v2\/pages\/1440\/revisions"}],"predecessor-version":[{"id":1827,"href":"https:\/\/www.sinergycom.net\/en\/wp-json\/wp\/v2\/pages\/1440\/revisions\/1827"}],"wp:attachment":[{"href":"https:\/\/www.sinergycom.net\/en\/wp-json\/wp\/v2\/media?parent=1440"}],"curies":[{"name":"wp","href":"https:\/\/api.w.org\/{rel}","templated":true}]}}