{"id":140,"date":"2014-02-09T11:00:34","date_gmt":"2014-02-09T10:00:34","guid":{"rendered":"http:\/\/mapsysteme.nclab.fr\/?page_id=140"},"modified":"2022-04-26T21:35:41","modified_gmt":"2022-04-26T20:35:41","slug":"presentation-of-the-series-of-books","status":"publish","type":"page","link":"https:\/\/www.sinergycom.net\/en\/presentation-of-the-series-of-books\/","title":{"rendered":"Presentation of the series of books"},"content":{"rendered":"<h1><b>Series of books <\/b><b>\u201cEngineering and Architecting Multidisciplinary Systems\u201d<\/b><b><\/b><\/h1>\n<p>This series of books is a set of practical guidelines intended primarily for professionals who want to understand and apply daily engineering of complex or multidisciplinary systems. Here they will find methods, processes, modelling and analysis techniques, reasoning elements, useful recommendations for application, as well as case studies or examples to start using this approach.<\/p>\n<p>The content of this series of books comes from experiences of practitioners who were facing situations during their professional jobs (and even throughout their lives) for which no, or very few, known methods existed. The author of these books has not invented all the described concepts and principles; the majority of them existed from a long time ago, but here they are clarified and presented as a consistent set to be applied immediately and simply.<\/p>\n<p>What you will find in these guidelines are basic practices about What-to-do using a standard vocabulary; but the interest of the books resides more in the details of How-to-do.<\/p>\n<p>The main sources come from training materials that the author has used over the last twenty years to teach Systems Engineering in industry, government and academia concerning more than five thousand people.<b><\/b><\/p>\n<p>Alain Faisandier, the author of this series of books, has spent a lot of time in consultancy and teaching engineering, architecting and designing disciplines in international context during his forty years career. Time and time again he has been encouraged by many people to publish what he taught and discussed to benefit practitioners in companies, academia and government organisations.<\/p>\n<p>Pour acc\u00e9der aux livres \u00e9crits en fran\u00e7ais, cliquer sur Fran\u00e7ais en bas de cette page.<\/p>\n<p><b>Titles of volumes:<\/b><\/p>\n<table style=\"border-top: 1px solid #bfbfbf;\">\n<tbody>\n<tr>\n<td><img decoding=\"async\" src=\"\/wp-content\/uploads\/2015\/03\/Image-volume1-En1.jpg\" alt=\"\" width=\"150px\" \/><\/td>\n<td><b><a href=\"\/en\/system-notion-and-engineering-of-systems-volume-1\/\">Volume 1 \u2013 System notion and Engineering of Systems<\/a><\/b><br \/>\nConcept of System; System vision; Principles for engineering a system; Means for engineering systems; Relationships to Project Management; Life cycle management<br \/>\n<a href=\"\/wp-content\/uploads\/2015\/03\/Volume1-Notions-v1-Table-Content.pdf\">Download the detailed table of content<\/a><\/td>\n<\/tr>\n<tr>\n<td><img decoding=\"async\" src=\"\/wp-content\/uploads\/2013\/03\/Image-Systems-Opportunities-Requirts-V1.jpg\" alt=\"\" width=\"150px\" \/><\/td>\n<td><b><a href=\"\/en\/systems-opportunities-and-requirements-volume-2\/\">Volume 2 \u2013 Systems Opportunities and Requirements<\/a><\/b><br \/>\nMission Analysis; Business Opportunity Analysis; Operational Concepts; Stakeholder Requirements; System Requirements<br \/>\n<a href=\"\/wp-content\/uploads\/2013\/02\/Systems-Opportunities-Requirements-v1-Table-Content.pdf\">Download the detailed table of content <\/a><\/td>\n<\/tr>\n<tr>\n<td><img decoding=\"async\" src=\"\/wp-content\/uploads\/2013\/03\/Image-Systems-Architecture-Design-V1.jpg\" alt=\"\" width=\"150px\" \/><\/td>\n<td><b><a href=\"\/en\/systems-architecture-and-design-volume-3\/\">Volume 3 \u2013 Systems Architecture and Design<\/a><\/b><br \/>\nSystem Logical Architecture Definition; System Physical Architecture Definition; Modelling and patterns; System Design and System Element Design<br \/>\n<a href=\"\/wp-content\/uploads\/2013\/03\/Systems-Architecture-Design-v1-Table-Content.pdf\">Download the detailed table of content <\/a><\/td>\n<\/tr>\n<tr>\n<td>expected 2022<\/td>\n<td><b>Volume 4 \u2013 Evaluation and Proving of a System<\/b><br \/>\nSystem Analysis; System Verification; System Validation; System Integration<\/td>\n<\/tr>\n<tr>\n<td><\/td>\n<td><b>Volume 5 \u2013 Engineering of Safe, Secure and Resilient Systems<\/b><br \/>\nImmunity, integrity, harmless aspects applied to systems; Extenion of Systems Engineering to Dependability Engineering and integrated approach; FDIR approach and redundancy patterns; Assessment of dependable properties<\/td>\n<\/tr>\n<tr>\n<td><\/td>\n<td><b>Volume 6 \u2013 System of Interest Life Management<\/b><br \/>\nImplementation Technologies; Integration, deployment, maintenance, disposal as enabling systems; System life cycle synthesis<\/td>\n<\/tr>\n<tr>\n<td><\/td>\n<td><b>Volume 7 \u2013 Systems Engineering Ontology<\/b><br \/>\nDetailed description of the generic engineering meta-data model used in other volumes<\/td>\n<\/tr>\n<\/tbody>\n<\/table>\n","protected":false},"excerpt":{"rendered":"<p>Series of books \u201cEngineering and Architecting Multidisciplinary Systems\u201d This series of books is a set of practical guidelines intended primarily for professionals who want to understand and apply daily engineering of complex or multidisciplinary systems. Here they will find methods, &hellip; <a href=\"https:\/\/www.sinergycom.net\/en\/presentation-of-the-series-of-books\/\">Continue reading <span class=\"meta-nav\">&rarr;<\/span><\/a><\/p>\n","protected":false},"author":1,"featured_media":0,"parent":0,"menu_order":0,"comment_status":"closed","ping_status":"closed","template":"","meta":{"_edd_button_behavior":[],"footnotes":""},"class_list":["post-140","page","type-page","status-publish","hentry"],"_links":{"self":[{"href":"https:\/\/www.sinergycom.net\/en\/wp-json\/wp\/v2\/pages\/140","targetHints":{"allow":["GET"]}}],"collection":[{"href":"https:\/\/www.sinergycom.net\/en\/wp-json\/wp\/v2\/pages"}],"about":[{"href":"https:\/\/www.sinergycom.net\/en\/wp-json\/wp\/v2\/types\/page"}],"author":[{"embeddable":true,"href":"https:\/\/www.sinergycom.net\/en\/wp-json\/wp\/v2\/users\/1"}],"replies":[{"embeddable":true,"href":"https:\/\/www.sinergycom.net\/en\/wp-json\/wp\/v2\/comments?post=140"}],"version-history":[{"count":56,"href":"https:\/\/www.sinergycom.net\/en\/wp-json\/wp\/v2\/pages\/140\/revisions"}],"predecessor-version":[{"id":1828,"href":"https:\/\/www.sinergycom.net\/en\/wp-json\/wp\/v2\/pages\/140\/revisions\/1828"}],"wp:attachment":[{"href":"https:\/\/www.sinergycom.net\/en\/wp-json\/wp\/v2\/media?parent=140"}],"curies":[{"name":"wp","href":"https:\/\/api.w.org\/{rel}","templated":true}]}}