{"id":1123,"date":"2017-04-24T16:45:31","date_gmt":"2017-04-24T15:45:31","guid":{"rendered":"http:\/\/www.sinergycom.net\/?page_id=1123"},"modified":"2022-04-26T21:38:09","modified_gmt":"2022-04-26T20:38:09","slug":"francais-evaluation-et-preuve-du-systeme-volume-4","status":"publish","type":"page","link":"https:\/\/www.sinergycom.net\/en\/francais-evaluation-et-preuve-du-systeme-volume-4\/","title":{"rendered":"(fran\u00e7ais) Evaluation et preuve du syst\u00e8me &#8211; Volume 4"},"content":{"rendered":"\r\n<p><img decoding=\"async\" style=\"float: left; padding: 0 50px 10px 0;\" src=\"\/wp-content\/uploads\/2017\/04\/image-volume4-Evaluation-v11-ebook.jpg\" alt=\"Evaluation et preuve du syst\u00e8me\" width=\"250\" \/><\/p>\r\n<h1 class=\"entry-title\">Evaluation et preuve du syst\u00e8me &#8211; Volume 4<\/h1>\r\n<p><strong>Auteur<\/strong>: Alain Faisandier<\/p>\r\n<p><strong>Nombre de pages<\/strong>: 286<\/p>\r\n<p><strong>Langue<\/strong>: Fran\u00e7ais<\/p>\r\n<p><strong>Formats disponibles<\/strong>:<\/p>\r\n<ul>\r\n<li>ebook PDF \u2013 ISBN 979-10-91699-09-9 prot\u00e9g\u00e9 et diffus\u00e9 avec l\u2019autorisation de l\u2019\u00e9diteur *<\/li>\r\n<li>format papier \u2013 ISBN 979-10-91699-08-2 couverture souple, pleine couleur<\/li>\r\n<\/ul>\r\n<h3 class=\"section-title\">Description<\/h3>\r\n<div>\r\n<p>Les enjeux \u00e9conomiques, s\u00e9curitaires et soci\u00e9taux des syst\u00e8mes cr\u00e9\u00e9s par les \u00eatres humains sont tels que leur validation finale doit \u00eatre acquise avant la r\u00e9ception. Ces enjeux justifient la mise en place d&#8217;activit\u00e9s d&#8217;\u00e9valuation, de justification, de v\u00e9rification, de validation et d&#8217;int\u00e9gration au plus t\u00f4t et tout au long du d\u00e9veloppement. Ces activit\u00e9s visent \u00e0 donner confiance \u00e0 toutes les parties engag\u00e9es, en constatant que le syst\u00e8me est conforme aux exigences requises. L&#8217;ensemble de ces activit\u00e9s repr\u00e9sente le n\u0153ud support de l&#8217;ing\u00e9nierie, auquel toutes les autres activit\u00e9s du d\u00e9veloppement font appel afin de prendre des d\u00e9cisions techniques pertinentes.<\/p>\r\n<p>L&#8217;\u00e9valuation, la justification, la v\u00e9rification et la validation ont en commun la notion de comparaison. Comparaison de solutions alternatives entre elles par rapport \u00e0 des crit\u00e8res (\u00e9valuation et justification) ; comparaison de la solution retenue par rapport \u00e0 des r\u00e9f\u00e9rentiels de caract\u00e9ristiques techniques (v\u00e9rification) et op\u00e9rationnelles (validation).<\/p>\r\n<p>Ce volume, d\u00e9di\u00e9 \u00e0 l&#8217;\u00e9valuation, la v\u00e9rification, la validation et l&#8217;int\u00e9gration du syst\u00e8me, fait partie de la collection \u201cIng\u00e9nierie et architecture des syst\u00e8mes pluridisciplinaires\u201d. Les lecteurs trouveront dans ce volume les principes, concepts, d\u00e9marches, activit\u00e9s, m\u00e9thodes et canevas de documentation pour :<\/p>\r\n<ul>\r\n<li>Evaluer les propri\u00e9t\u00e9s d&#8217;un syst\u00e8me d\u00e9fini ou con\u00e7u, afin de comparer les solutions alternatives (System Analysis en Anglais).<\/li>\r\n<li>V\u00e9rifier et valider ces propri\u00e9t\u00e9s lors de l&#8217;ing\u00e9nierie du syst\u00e8me et lors de sa r\u00e9alisation en tant que produit, service ou organisation, en comparant les propri\u00e9t\u00e9s du syst\u00e8me \u00e0 des r\u00e9f\u00e9rentiels d&#8217;exigences.<\/li>\r\n<li>V\u00e9rifier et valider les exigences applicables qui sont sources de ces propri\u00e9t\u00e9s.<\/li>\r\n<li>Int\u00e9grer les constituants r\u00e9alis\u00e9s, afin d&#8217;obtenir un produit, un service ou une organisation pr\u00eat \u00e0 l&#8217;emploi et conforme.<\/li>\r\n<\/ul>\r\n<p>Ce guide pratique est destin\u00e9 aux professionnels qui veulent comprendre et appliquer l&#8217;ing\u00e9nierie de syst\u00e8me, et en particulier \u00e0 ceux qui conceptualisent et d\u00e9finissent des architectures de syst\u00e8mes complexes ou pluridisciplinaires pour faire des choix de solutions pertinentes et les justifier. Il s&#8217;adresse en m\u00eame temps aux personnes en charge de la v\u00e9rification, de la validation et de l&#8217;int\u00e9gration d&#8217;un syst\u00e8me quelconque.<br \/>Ils trouveront des m\u00e9thodes, techniques de mod\u00e9lisation, \u00e9l\u00e9ments de raisonnement, de pr\u00e9cieux conseils pour l&#8217;application au quotidien, des exercices, exemples ou \u00e9tudes de cas. Ce guide est utile aux professeurs d\u00e9sireux d&#8217;enseigner la discipline d&#8217;ing\u00e9nierie de syst\u00e8me, ainsi qu&#8217;aux \u00e9tudiants et chercheurs.<\/p>\r\n<p><b>Achetez ce volume en ligne:<\/b><\/p>\r\n<table width=\"100%\">\r\n<tbody>\r\n<tr>\r\n<td><b>ebook PDF<\/b> \u2013 ISBN 979-10-91699-08-2<br \/>prot\u00e9g\u00e9 et diffus\u00e9 avec l\u2019autorisation de l\u2019\u00e9diteur<br \/>Prix: <strong>23<\/strong><b> Euros<\/b> + taxes selon les pays<br \/>T\u00e9l\u00e9chargez apr\u00e8s paiement sur r\u00e9ception d\u2019un email<\/td>\r\n<td align=\"center\"><a class=\"classname\" href=\"?edd_action=add_to_cart&#038;download_id=1119\" rel=\"nofollow\">Ajouter au panier<\/a><\/td>\r\n<\/tr>\r\n<tr>\r\n<td><b>livre papier<\/b> \u2013 ISBN 979-10-91699-09-9<br \/>couverture souple, pleine couleur<br \/>Prix: <strong><b>112<\/b><\/strong><b> Euros<\/b> + taxes et exp\u00e9dition selon les pays<br \/>Achetez sur la place de march\u00e9 www.lulu.com<br \/>Livraison 3 \u2013 5 jours<\/td>\r\n<td align=\"center\"><a href=\"https:\/\/www.lulu.com\/en\/en\/shop\/alain-faisandier\/evaluation-et-preuve-du-syst\u00e8me\/paperback\/product-1y8v2dg9.html\" target=\"_blank\" rel=\"noopener\"><img loading=\"lazy\" decoding=\"async\" class=\"alignnone\" src=\"\/wp-content\/uploads\/2020\/11\/LULU-Logo2020.png\" alt=\"Support independent publishing: Buy this book on Lulu.\" width=\"126\" height=\"41\" border=\"0\" \/><\/a><\/td>\r\n<\/tr>\r\n<tr>\r\n<td><b>livre papier<\/b> \u2013 ISBN 979-10-91699-09-9<br \/>couverture souple, pleine couleur<br \/>Prix: <strong><b>112<\/b><\/strong><b> Euros<\/b> + taxes et exp\u00e9dition selon les pays<br \/>Achetez sur la place de march\u00e9 www.amazon.com<br \/>Livraison 3 \u2013 5 jours<\/td>\r\n<td align=\"center\"><a href=\"https:\/\/www.amazon.co.uk\/Evaluation-Preuve-Syst%C3%A8me-Alain-Faisandier\/dp\/B072L6Z37P\/\" target=\"_blank\" rel=\"noopener\"><img loading=\"lazy\" decoding=\"async\" class=\"alignnone wp-image-1809 size-thumbnail\" src=\"https:\/\/www.sinergycom.net\/wp-content\/uploads\/2022\/04\/amazon-logo-transparent-1024x1024-1-100x100.png\" alt=\"\" width=\"100\" height=\"100\" srcset=\"https:\/\/www.sinergycom.net\/wp-content\/uploads\/2022\/04\/amazon-logo-transparent-1024x1024-1-100x100.png 100w, https:\/\/www.sinergycom.net\/wp-content\/uploads\/2022\/04\/amazon-logo-transparent-1024x1024-1-300x300.png 300w, https:\/\/www.sinergycom.net\/wp-content\/uploads\/2022\/04\/amazon-logo-transparent-1024x1024-1.png 1024w, https:\/\/www.sinergycom.net\/wp-content\/uploads\/2022\/04\/amazon-logo-transparent-1024x1024-1-768x768.png 768w, https:\/\/www.sinergycom.net\/wp-content\/uploads\/2022\/04\/amazon-logo-transparent-1024x1024-1-215x217.png 215w, https:\/\/www.sinergycom.net\/wp-content\/uploads\/2022\/04\/amazon-logo-transparent-1024x1024-1-155x156.png 155w, https:\/\/www.sinergycom.net\/wp-content\/uploads\/2022\/04\/amazon-logo-transparent-1024x1024-1-55x55.png 55w, https:\/\/www.sinergycom.net\/wp-content\/uploads\/2022\/04\/amazon-logo-transparent-1024x1024-1-200x200.png 200w, https:\/\/www.sinergycom.net\/wp-content\/uploads\/2022\/04\/amazon-logo-transparent-1024x1024-1-400x400.png 400w\" sizes=\"auto, (max-width: 100px) 100vw, 100px\" \/><\/a><\/td>\r\n<\/tr>\r\n<\/tbody>\r\n<\/table>\r\n<p>Pour un achat de ebook en nombre (plus de 5 exemplaires) ou licence r\u00e9seau, veuillez envoyer une demande par email \u00e0 : contact@sinergycom.net.<\/p>\r\n<p>Note : Le format ebook pdf est destin\u00e9 \u00e0 la lecture sur \u00e9cran, pas pour l&#8217;impression.<\/p>\r\n<p>* : Chaque bas de page porte la mention : Sinergy\u2019Com to Entreprise (nom), date<\/p>\r\n<\/div>\r\n","protected":false},"excerpt":{"rendered":"<p>Evaluation et preuve du syst\u00e8me &#8211; Volume 4 Auteur: Alain Faisandier Nombre de pages: 286 Langue: Fran\u00e7ais Formats disponibles: ebook PDF \u2013 ISBN 979-10-91699-09-9 prot\u00e9g\u00e9 et diffus\u00e9 avec l\u2019autorisation de l\u2019\u00e9diteur * format papier \u2013 ISBN 979-10-91699-08-2 couverture souple, pleine &hellip; <a href=\"https:\/\/www.sinergycom.net\/en\/francais-evaluation-et-preuve-du-systeme-volume-4\/\">Continue reading <span class=\"meta-nav\">&rarr;<\/span><\/a><\/p>\n","protected":false},"author":5,"featured_media":0,"parent":0,"menu_order":0,"comment_status":"closed","ping_status":"closed","template":"","meta":{"_edd_button_behavior":[],"footnotes":""},"class_list":["post-1123","page","type-page","status-publish","hentry"],"_links":{"self":[{"href":"https:\/\/www.sinergycom.net\/en\/wp-json\/wp\/v2\/pages\/1123","targetHints":{"allow":["GET"]}}],"collection":[{"href":"https:\/\/www.sinergycom.net\/en\/wp-json\/wp\/v2\/pages"}],"about":[{"href":"https:\/\/www.sinergycom.net\/en\/wp-json\/wp\/v2\/types\/page"}],"author":[{"embeddable":true,"href":"https:\/\/www.sinergycom.net\/en\/wp-json\/wp\/v2\/users\/5"}],"replies":[{"embeddable":true,"href":"https:\/\/www.sinergycom.net\/en\/wp-json\/wp\/v2\/comments?post=1123"}],"version-history":[{"count":30,"href":"https:\/\/www.sinergycom.net\/en\/wp-json\/wp\/v2\/pages\/1123\/revisions"}],"predecessor-version":[{"id":1833,"href":"https:\/\/www.sinergycom.net\/en\/wp-json\/wp\/v2\/pages\/1123\/revisions\/1833"}],"wp:attachment":[{"href":"https:\/\/www.sinergycom.net\/en\/wp-json\/wp\/v2\/media?parent=1123"}],"curies":[{"name":"wp","href":"https:\/\/api.w.org\/{rel}","templated":true}]}}